{"id":509,"date":"2024-07-11T16:09:50","date_gmt":"2024-07-11T16:09:50","guid":{"rendered":"https:\/\/www.modasanasonline.com\/web\/?page_id=509"},"modified":"2024-07-11T16:11:23","modified_gmt":"2024-07-11T16:11:23","slug":"accesibilidad","status":"publish","type":"page","link":"https:\/\/www.modasanasonline.com\/web\/accesibilidad\/","title":{"rendered":"Accesibilidad"},"content":{"rendered":"\t\t<div data-elementor-type=\"wp-page\" data-elementor-id=\"509\" class=\"elementor elementor-509\" data-elementor-settings=\"{&quot;ha_cmc_init_switcher&quot;:&quot;no&quot;}\">\n\t\t\t\t<div class=\"elementor-element elementor-element-5e98b814 e-flex e-con-boxed e-con e-parent\" data-id=\"5e98b814\" data-element_type=\"container\" data-settings=\"{&quot;_ha_eqh_enable&quot;:false}\">\n\t\t\t\t\t<div class=\"e-con-inner\">\n\t\t\t\t<div class=\"elementor-element elementor-element-36d0dbcb elementor-widget elementor-widget-text-editor\" data-id=\"36d0dbcb\" data-element_type=\"widget\" data-widget_type=\"text-editor.default\">\n\t\t\t\t<div class=\"elementor-widget-container\">\n\t\t\t\t\t\t\t\t\t<div id=\"pl-gb509-69e067aec70fe\"  class=\"panel-layout\" ><div id=\"pg-gb509-69e067aec70fe-0\"  class=\"panel-grid panel-no-style\" ><div id=\"pgc-gb509-69e067aec70fe-0-0\"  class=\"panel-grid-cell\" ><div id=\"panel-gb509-69e067aec70fe-0-0-0\" class=\"so-panel widget widget_feminine_style_service panel-first-child\" data-index=\"0\" >            <section id=\"feminine_style_service-REPLACE_TO_ID\" class=\"at-widgets acme-services  normal at-no-parallax\" style=\"\">\n                <div class=\"container\">\n\n\t                <div class='at-widget-title-wrapper init-animate zoomIn'><h3 class=\"widget-title\">Our Services<\/h3><\/div>                    <div class=\"row featured-entries-col featured-entries-logo column\">\n\t\t\t\t\t\t                    <\/div><!--row-->\n                <\/div><!--cointainer-->\n            <\/section>\n\t\t\t<\/div><div id=\"panel-gb509-69e067aec70fe-0-0-1\" class=\"so-panel widget widget_feminine_style_service\" data-index=\"1\" >            <section id=\"feminine_style_service-REPLACE_TO_ID\" class=\"at-widgets acme-services  feature at-parallax\" style=\"background-image:url(https:\/\/www.modasanasonline.com\/web\/wp-content\/uploads\/2019\/06\/laptop-3190194_1920.jpg);background-repeat:no-repeat;background-size:cover;background-attachment:fixed;background-position: center;\">\n                <div class=\"container\">\n\n\t                <div class='at-widget-title-wrapper init-animate zoomIn'><h3 class=\"widget-title\">Why Choose Us ?<\/h3><\/div>                    <div class=\"row featured-entries-col featured-entries-logo column\">\n\t\t\t\t\t\t                    <\/div><!--row-->\n                <\/div><!--cointainer-->\n            <\/section>\n\t\t\t<\/div><\/div><\/div><\/div>\t\t\t\t\t\t\t\t<\/div>\n\t\t\t\t<\/div>\n\t\t\t\t\t<\/div>\n\t\t\t\t<\/div>\n\t\t<div class=\"elementor-element elementor-element-cf2cc4f e-flex e-con-boxed e-con e-parent\" data-id=\"cf2cc4f\" data-element_type=\"container\" data-settings=\"{&quot;background_background&quot;:&quot;classic&quot;,&quot;_ha_eqh_enable&quot;:false}\">\n\t\t\t\t\t<div class=\"e-con-inner\">\n\t\t\t\t<div class=\"elementor-element elementor-element-72bbd17 elementor-widget elementor-widget-heading\" data-id=\"72bbd17\" data-element_type=\"widget\" data-widget_type=\"heading.default\">\n\t\t\t\t<div class=\"elementor-widget-container\">\n\t\t\t\t\t<h2 class=\"elementor-heading-title elementor-size-default\">Accesibilidad<\/h2>\t\t\t\t<\/div>\n\t\t\t\t<\/div>\n\t\t\t\t<div class=\"elementor-element elementor-element-a9058cf elementor-widget elementor-widget-text-editor\" data-id=\"a9058cf\" data-element_type=\"widget\" data-widget_type=\"text-editor.default\">\n\t\t\t\t<div class=\"elementor-widget-container\">\n\t\t\t\t\t\t\t\t\t<p>Construimos un Internet sin barreras que permita a todos los usuarios el entendimiento, el aprendizaje, la navegaci\u00f3n y la plena interacci\u00f3n con la web<\/p>\t\t\t\t\t\t\t\t<\/div>\n\t\t\t\t<\/div>\n\t\t\t\t\t<\/div>\n\t\t\t\t<\/div>\n\t\t<div class=\"elementor-element elementor-element-9a9bfc0 e-flex e-con-boxed e-con e-parent\" data-id=\"9a9bfc0\" data-element_type=\"container\" data-settings=\"{&quot;_ha_eqh_enable&quot;:false}\">\n\t\t\t\t\t<div class=\"e-con-inner\">\n\t\t\t\t<div class=\"elementor-element elementor-element-3ca89db elementor-widget elementor-widget-text-editor\" data-id=\"3ca89db\" data-element_type=\"widget\" data-widget_type=\"text-editor.default\">\n\t\t\t\t<div class=\"elementor-widget-container\">\n\t\t\t\t\t\t\t\t\t<p>Utilice los enlaces indicados con los textos (men\u00fa de la web) para navegar por las distintas secciones de la web. Puede navegar por la web utilizando el cursor o el teclado. Para facilitar la navegaci\u00f3n de este sitio es posible usar solo el teclado si no dispone de rat\u00f3n o su uso le es problem\u00e1tico. En la mayor\u00eda de navegadores puede usar el tabulador para moverse entre los diferentes enlaces y\/o campos de un formulario.<\/p>\t\t\t\t\t\t\t\t<\/div>\n\t\t\t\t<\/div>\n\t\t\t\t\t<\/div>\n\t\t\t\t<\/div>\n\t\t\t\t<\/div>\n\t\t","protected":false},"excerpt":{"rendered":"<p>Accesibilidad Construimos un Internet sin barreras que permita a todos los usuarios el entendimiento, el aprendizaje, la navegaci\u00f3n y la plena interacci\u00f3n con la web Utilice los enlaces indicados con los textos (men\u00fa de la web) para navegar por las distintas secciones de la web. Puede navegar por la web utilizando el cursor o el [&hellip;]<\/p>\n","protected":false},"author":1,"featured_media":0,"parent":0,"menu_order":0,"comment_status":"closed","ping_status":"closed","template":"page-templates\/template-builder.php","meta":{"footnotes":""},"class_list":["post-509","page","type-page","status-publish","hentry"],"yoast_head":"<!-- This site is optimized with the Yoast SEO plugin v27.4 - https:\/\/yoast.com\/product\/yoast-seo-wordpress\/ -->\n<title>Accesibilidad - Modas Ana&#039;s<\/title>\n<meta name=\"robots\" content=\"index, follow, max-snippet:-1, max-image-preview:large, max-video-preview:-1\" \/>\n<link rel=\"canonical\" href=\"https:\/\/www.modasanasonline.com\/web\/accesibilidad\/\" \/>\n<meta property=\"og:locale\" content=\"es_ES\" \/>\n<meta property=\"og:type\" content=\"article\" \/>\n<meta property=\"og:title\" content=\"Accesibilidad - Modas Ana&#039;s\" \/>\n<meta property=\"og:description\" content=\"Accesibilidad Construimos un Internet sin barreras que permita a todos los usuarios el entendimiento, el aprendizaje, la navegaci\u00f3n y la plena interacci\u00f3n con la web Utilice los enlaces indicados con los textos (men\u00fa de la web) para navegar por las distintas secciones de la web. Puede navegar por la web utilizando el cursor o el [&hellip;]\" \/>\n<meta property=\"og:url\" content=\"https:\/\/www.modasanasonline.com\/web\/accesibilidad\/\" \/>\n<meta property=\"og:site_name\" content=\"Modas Ana&#039;s\" \/>\n<meta property=\"article:modified_time\" content=\"2024-07-11T16:11:23+00:00\" \/>\n<meta name=\"twitter:card\" content=\"summary_large_image\" \/>\n<meta name=\"twitter:label1\" content=\"Tiempo de lectura\" \/>\n\t<meta name=\"twitter:data1\" content=\"1 minuto\" \/>\n<script type=\"application\/ld+json\" class=\"yoast-schema-graph\">{\"@context\":\"https:\\\/\\\/schema.org\",\"@graph\":[{\"@type\":\"WebPage\",\"@id\":\"https:\\\/\\\/www.modasanasonline.com\\\/web\\\/accesibilidad\\\/\",\"url\":\"https:\\\/\\\/www.modasanasonline.com\\\/web\\\/accesibilidad\\\/\",\"name\":\"Accesibilidad - Modas Ana&#039;s\",\"isPartOf\":{\"@id\":\"https:\\\/\\\/www.modasanasonline.com\\\/web\\\/#website\"},\"datePublished\":\"2024-07-11T16:09:50+00:00\",\"dateModified\":\"2024-07-11T16:11:23+00:00\",\"breadcrumb\":{\"@id\":\"https:\\\/\\\/www.modasanasonline.com\\\/web\\\/accesibilidad\\\/#breadcrumb\"},\"inLanguage\":\"es\",\"potentialAction\":[{\"@type\":\"ReadAction\",\"target\":[\"https:\\\/\\\/www.modasanasonline.com\\\/web\\\/accesibilidad\\\/\"]}]},{\"@type\":\"BreadcrumbList\",\"@id\":\"https:\\\/\\\/www.modasanasonline.com\\\/web\\\/accesibilidad\\\/#breadcrumb\",\"itemListElement\":[{\"@type\":\"ListItem\",\"position\":1,\"name\":\"Portada\",\"item\":\"https:\\\/\\\/www.modasanasonline.com\\\/web\\\/\"},{\"@type\":\"ListItem\",\"position\":2,\"name\":\"Accesibilidad\"}]},{\"@type\":\"WebSite\",\"@id\":\"https:\\\/\\\/www.modasanasonline.com\\\/web\\\/#website\",\"url\":\"https:\\\/\\\/www.modasanasonline.com\\\/web\\\/\",\"name\":\"Modas Ana&#039;s\",\"description\":\"Boutique low cost online\",\"publisher\":{\"@id\":\"https:\\\/\\\/www.modasanasonline.com\\\/web\\\/#organization\"},\"potentialAction\":[{\"@type\":\"SearchAction\",\"target\":{\"@type\":\"EntryPoint\",\"urlTemplate\":\"https:\\\/\\\/www.modasanasonline.com\\\/web\\\/?s={search_term_string}\"},\"query-input\":{\"@type\":\"PropertyValueSpecification\",\"valueRequired\":true,\"valueName\":\"search_term_string\"}}],\"inLanguage\":\"es\"},{\"@type\":\"Organization\",\"@id\":\"https:\\\/\\\/www.modasanasonline.com\\\/web\\\/#organization\",\"name\":\"Modas Ana&#039;s\",\"url\":\"https:\\\/\\\/www.modasanasonline.com\\\/web\\\/\",\"logo\":{\"@type\":\"ImageObject\",\"inLanguage\":\"es\",\"@id\":\"https:\\\/\\\/www.modasanasonline.com\\\/web\\\/#\\\/schema\\\/logo\\\/image\\\/\",\"url\":\"https:\\\/\\\/www.modasanasonline.com\\\/web\\\/wp-content\\\/uploads\\\/2024\\\/06\\\/modas-ana-s-logo-1586115664.png\",\"contentUrl\":\"https:\\\/\\\/www.modasanasonline.com\\\/web\\\/wp-content\\\/uploads\\\/2024\\\/06\\\/modas-ana-s-logo-1586115664.png\",\"width\":234,\"height\":185,\"caption\":\"Modas Ana&#039;s\"},\"image\":{\"@id\":\"https:\\\/\\\/www.modasanasonline.com\\\/web\\\/#\\\/schema\\\/logo\\\/image\\\/\"}}]}<\/script>\n<!-- \/ Yoast SEO plugin. -->","yoast_head_json":{"title":"Accesibilidad - Modas Ana&#039;s","robots":{"index":"index","follow":"follow","max-snippet":"max-snippet:-1","max-image-preview":"max-image-preview:large","max-video-preview":"max-video-preview:-1"},"canonical":"https:\/\/www.modasanasonline.com\/web\/accesibilidad\/","og_locale":"es_ES","og_type":"article","og_title":"Accesibilidad - Modas Ana&#039;s","og_description":"Accesibilidad Construimos un Internet sin barreras que permita a todos los usuarios el entendimiento, el aprendizaje, la navegaci\u00f3n y la plena interacci\u00f3n con la web Utilice los enlaces indicados con los textos (men\u00fa de la web) para navegar por las distintas secciones de la web. Puede navegar por la web utilizando el cursor o el [&hellip;]","og_url":"https:\/\/www.modasanasonline.com\/web\/accesibilidad\/","og_site_name":"Modas Ana&#039;s","article_modified_time":"2024-07-11T16:11:23+00:00","twitter_card":"summary_large_image","twitter_misc":{"Tiempo de lectura":"1 minuto"},"schema":{"@context":"https:\/\/schema.org","@graph":[{"@type":"WebPage","@id":"https:\/\/www.modasanasonline.com\/web\/accesibilidad\/","url":"https:\/\/www.modasanasonline.com\/web\/accesibilidad\/","name":"Accesibilidad - Modas Ana&#039;s","isPartOf":{"@id":"https:\/\/www.modasanasonline.com\/web\/#website"},"datePublished":"2024-07-11T16:09:50+00:00","dateModified":"2024-07-11T16:11:23+00:00","breadcrumb":{"@id":"https:\/\/www.modasanasonline.com\/web\/accesibilidad\/#breadcrumb"},"inLanguage":"es","potentialAction":[{"@type":"ReadAction","target":["https:\/\/www.modasanasonline.com\/web\/accesibilidad\/"]}]},{"@type":"BreadcrumbList","@id":"https:\/\/www.modasanasonline.com\/web\/accesibilidad\/#breadcrumb","itemListElement":[{"@type":"ListItem","position":1,"name":"Portada","item":"https:\/\/www.modasanasonline.com\/web\/"},{"@type":"ListItem","position":2,"name":"Accesibilidad"}]},{"@type":"WebSite","@id":"https:\/\/www.modasanasonline.com\/web\/#website","url":"https:\/\/www.modasanasonline.com\/web\/","name":"Modas Ana&#039;s","description":"Boutique low cost online","publisher":{"@id":"https:\/\/www.modasanasonline.com\/web\/#organization"},"potentialAction":[{"@type":"SearchAction","target":{"@type":"EntryPoint","urlTemplate":"https:\/\/www.modasanasonline.com\/web\/?s={search_term_string}"},"query-input":{"@type":"PropertyValueSpecification","valueRequired":true,"valueName":"search_term_string"}}],"inLanguage":"es"},{"@type":"Organization","@id":"https:\/\/www.modasanasonline.com\/web\/#organization","name":"Modas Ana&#039;s","url":"https:\/\/www.modasanasonline.com\/web\/","logo":{"@type":"ImageObject","inLanguage":"es","@id":"https:\/\/www.modasanasonline.com\/web\/#\/schema\/logo\/image\/","url":"https:\/\/www.modasanasonline.com\/web\/wp-content\/uploads\/2024\/06\/modas-ana-s-logo-1586115664.png","contentUrl":"https:\/\/www.modasanasonline.com\/web\/wp-content\/uploads\/2024\/06\/modas-ana-s-logo-1586115664.png","width":234,"height":185,"caption":"Modas Ana&#039;s"},"image":{"@id":"https:\/\/www.modasanasonline.com\/web\/#\/schema\/logo\/image\/"}}]}},"_links":{"self":[{"href":"https:\/\/www.modasanasonline.com\/web\/wp-json\/wp\/v2\/pages\/509","targetHints":{"allow":["GET"]}}],"collection":[{"href":"https:\/\/www.modasanasonline.com\/web\/wp-json\/wp\/v2\/pages"}],"about":[{"href":"https:\/\/www.modasanasonline.com\/web\/wp-json\/wp\/v2\/types\/page"}],"author":[{"embeddable":true,"href":"https:\/\/www.modasanasonline.com\/web\/wp-json\/wp\/v2\/users\/1"}],"replies":[{"embeddable":true,"href":"https:\/\/www.modasanasonline.com\/web\/wp-json\/wp\/v2\/comments?post=509"}],"version-history":[{"count":0,"href":"https:\/\/www.modasanasonline.com\/web\/wp-json\/wp\/v2\/pages\/509\/revisions"}],"wp:attachment":[{"href":"https:\/\/www.modasanasonline.com\/web\/wp-json\/wp\/v2\/media?parent=509"}],"curies":[{"name":"wp","href":"https:\/\/api.w.org\/{rel}","templated":true}]}}