{"id":494,"date":"2024-07-11T16:08:17","date_gmt":"2024-07-11T16:08:17","guid":{"rendered":"https:\/\/www.modasanasonline.com\/web\/?page_id=494"},"modified":"2025-03-24T09:55:30","modified_gmt":"2025-03-24T09:55:30","slug":"galeria","status":"publish","type":"page","link":"https:\/\/www.modasanasonline.com\/web\/galeria\/","title":{"rendered":"Galer\u00eda"},"content":{"rendered":"\t\t<div data-elementor-type=\"wp-page\" data-elementor-id=\"494\" class=\"elementor elementor-494\" data-elementor-settings=\"{&quot;ha_cmc_init_switcher&quot;:&quot;no&quot;}\">\n\t\t\t\t<div class=\"elementor-element elementor-element-5e98b814 e-flex e-con-boxed e-con e-parent\" data-id=\"5e98b814\" data-element_type=\"container\" data-settings=\"{&quot;_ha_eqh_enable&quot;:false}\">\n\t\t\t\t\t<div class=\"e-con-inner\">\n\t\t\t\t<div class=\"elementor-element elementor-element-36d0dbcb elementor-widget elementor-widget-text-editor\" data-id=\"36d0dbcb\" data-element_type=\"widget\" data-widget_type=\"text-editor.default\">\n\t\t\t\t<div class=\"elementor-widget-container\">\n\t\t\t\t\t\t\t\t\t<div id=\"pl-gb494-69e069382f994\"  class=\"panel-layout\" ><div id=\"pg-gb494-69e069382f994-0\"  class=\"panel-grid panel-no-style\" ><div id=\"pgc-gb494-69e069382f994-0-0\"  class=\"panel-grid-cell\" ><div id=\"panel-gb494-69e069382f994-0-0-0\" class=\"so-panel widget widget_feminine_style_service panel-first-child\" data-index=\"0\" >            <section id=\"feminine_style_service-REPLACE_TO_ID\" class=\"at-widgets acme-services  normal at-no-parallax\" style=\"\">\n                <div class=\"container\">\n\n\t                <div class='at-widget-title-wrapper init-animate zoomIn'><h3 class=\"widget-title\">Our Services<\/h3><\/div>                    <div class=\"row featured-entries-col featured-entries-logo column\">\n\t\t\t\t\t\t                    <\/div><!--row-->\n                <\/div><!--cointainer-->\n            <\/section>\n\t\t\t<\/div><div id=\"panel-gb494-69e069382f994-0-0-1\" class=\"so-panel widget widget_feminine_style_service\" data-index=\"1\" >            <section id=\"feminine_style_service-REPLACE_TO_ID\" class=\"at-widgets acme-services  feature at-parallax\" style=\"background-image:url(https:\/\/www.modasanasonline.com\/web\/wp-content\/uploads\/2019\/06\/laptop-3190194_1920.jpg);background-repeat:no-repeat;background-size:cover;background-attachment:fixed;background-position: center;\">\n                <div class=\"container\">\n\n\t                <div class='at-widget-title-wrapper init-animate zoomIn'><h3 class=\"widget-title\">Why Choose Us ?<\/h3><\/div>                    <div class=\"row featured-entries-col featured-entries-logo column\">\n\t\t\t\t\t\t                    <\/div><!--row-->\n                <\/div><!--cointainer-->\n            <\/section>\n\t\t\t<\/div><\/div><\/div><\/div>\t\t\t\t\t\t\t\t<\/div>\n\t\t\t\t<\/div>\n\t\t\t\t\t<\/div>\n\t\t\t\t<\/div>\n\t\t<div class=\"elementor-element elementor-element-cf2cc4f e-flex e-con-boxed e-con e-parent\" data-id=\"cf2cc4f\" data-element_type=\"container\" data-settings=\"{&quot;background_background&quot;:&quot;classic&quot;,&quot;_ha_eqh_enable&quot;:false}\">\n\t\t\t\t\t<div class=\"e-con-inner\">\n\t\t\t\t<div class=\"elementor-element elementor-element-72bbd17 elementor-widget elementor-widget-heading\" data-id=\"72bbd17\" data-element_type=\"widget\" data-widget_type=\"heading.default\">\n\t\t\t\t<div class=\"elementor-widget-container\">\n\t\t\t\t\t<h2 class=\"elementor-heading-title elementor-size-default\">Galer\u00eda de fotos<\/h2>\t\t\t\t<\/div>\n\t\t\t\t<\/div>\n\t\t\t\t<div class=\"elementor-element elementor-element-a9058cf elementor-widget elementor-widget-text-editor\" data-id=\"a9058cf\" data-element_type=\"widget\" data-widget_type=\"text-editor.default\">\n\t\t\t\t<div class=\"elementor-widget-container\">\n\t\t\t\t\t\t\t\t\t<p>Mucho m\u00e1s que moda, una forma de vida<\/p>\t\t\t\t\t\t\t\t<\/div>\n\t\t\t\t<\/div>\n\t\t\t\t\t<\/div>\n\t\t\t\t<\/div>\n\t\t<div class=\"elementor-element elementor-element-1eccb55 e-flex e-con-boxed e-con e-parent\" data-id=\"1eccb55\" data-element_type=\"container\" data-settings=\"{&quot;_ha_eqh_enable&quot;:false}\">\n\t\t\t\t\t<div class=\"e-con-inner\">\n\t\t\t\t<div class=\"elementor-element elementor-element-6d4c09a elementor-widget elementor-widget-ha-justified-gallery happy-addon ha-justified-gallery\" data-id=\"6d4c09a\" data-element_type=\"widget\" data-settings=\"{&quot;row_height&quot;:{&quot;unit&quot;:&quot;px&quot;,&quot;size&quot;:260,&quot;sizes&quot;:[]},&quot;margins&quot;:{&quot;unit&quot;:&quot;px&quot;,&quot;size&quot;:10,&quot;sizes&quot;:[]},&quot;last_row&quot;:&quot;justify&quot;,&quot;enable_popup&quot;:&quot;yes&quot;}\" data-widget_type=\"ha-justified-gallery.default\">\n\t\t\t\t<div class=\"elementor-widget-container\">\n\t\t\t\t\t\n\t\t<div class=\"ha-justified-grid__wrap hajs-justified-grid\">\n\t\t\t\t\t\t\t<a href=\"#\" data-mfp-src=\"https:\/\/www.modasanasonline.com\/web\/wp-content\/uploads\/2024\/07\/387220660_786552933277344_1230639642363409113_n-819x1024.jpg\" class=\"ha-justified-grid__item ha-js-lightbox __fltr-1\" title=\"\">\n\t\t\t\t\t<img fetchpriority=\"high\" decoding=\"async\" width=\"640\" height=\"800\" src=\"https:\/\/www.modasanasonline.com\/web\/wp-content\/uploads\/2024\/07\/387220660_786552933277344_1230639642363409113_n-768x960.jpg\" class=\"elementor-animation-grow\" alt=\"\" srcset=\"https:\/\/www.modasanasonline.com\/web\/wp-content\/uploads\/2024\/07\/387220660_786552933277344_1230639642363409113_n-768x960.jpg 768w, https:\/\/www.modasanasonline.com\/web\/wp-content\/uploads\/2024\/07\/387220660_786552933277344_1230639642363409113_n-240x300.jpg 240w, https:\/\/www.modasanasonline.com\/web\/wp-content\/uploads\/2024\/07\/387220660_786552933277344_1230639642363409113_n-819x1024.jpg 819w, https:\/\/www.modasanasonline.com\/web\/wp-content\/uploads\/2024\/07\/387220660_786552933277344_1230639642363409113_n-1228x1536.jpg 1228w, https:\/\/www.modasanasonline.com\/web\/wp-content\/uploads\/2024\/07\/387220660_786552933277344_1230639642363409113_n-600x750.jpg 600w, https:\/\/www.modasanasonline.com\/web\/wp-content\/uploads\/2024\/07\/387220660_786552933277344_1230639642363409113_n.jpg 1290w\" sizes=\"(max-width: 640px) 100vw, 640px\" \/>\t\t\t\t<\/a>\n\t\t\t\t\t\t\t<a href=\"#\" data-mfp-src=\"https:\/\/www.modasanasonline.com\/web\/wp-content\/uploads\/2024\/07\/387758956_786552959944008_9019682905881775119_n-819x1024.jpg\" class=\"ha-justified-grid__item ha-js-lightbox __fltr-1\" title=\"\">\n\t\t\t\t\t<img decoding=\"async\" width=\"640\" height=\"800\" src=\"https:\/\/www.modasanasonline.com\/web\/wp-content\/uploads\/2024\/07\/387758956_786552959944008_9019682905881775119_n-768x960.jpg\" class=\"elementor-animation-grow\" alt=\"\" srcset=\"https:\/\/www.modasanasonline.com\/web\/wp-content\/uploads\/2024\/07\/387758956_786552959944008_9019682905881775119_n-768x960.jpg 768w, https:\/\/www.modasanasonline.com\/web\/wp-content\/uploads\/2024\/07\/387758956_786552959944008_9019682905881775119_n-240x300.jpg 240w, https:\/\/www.modasanasonline.com\/web\/wp-content\/uploads\/2024\/07\/387758956_786552959944008_9019682905881775119_n-819x1024.jpg 819w, https:\/\/www.modasanasonline.com\/web\/wp-content\/uploads\/2024\/07\/387758956_786552959944008_9019682905881775119_n-1228x1536.jpg 1228w, https:\/\/www.modasanasonline.com\/web\/wp-content\/uploads\/2024\/07\/387758956_786552959944008_9019682905881775119_n-600x750.jpg 600w, https:\/\/www.modasanasonline.com\/web\/wp-content\/uploads\/2024\/07\/387758956_786552959944008_9019682905881775119_n.jpg 1290w\" sizes=\"(max-width: 640px) 100vw, 640px\" \/>\t\t\t\t<\/a>\n\t\t\t\t\t\t\t<a href=\"#\" data-mfp-src=\"https:\/\/www.modasanasonline.com\/web\/wp-content\/uploads\/2024\/07\/Foto-FLorencia-1-565x1024.jpg\" class=\"ha-justified-grid__item ha-js-lightbox __fltr-1\" title=\"\">\n\t\t\t\t\t<img decoding=\"async\" width=\"640\" height=\"1160\" src=\"https:\/\/www.modasanasonline.com\/web\/wp-content\/uploads\/2024\/07\/Foto-FLorencia-1-768x1392.jpg\" class=\"elementor-animation-grow\" alt=\"\" srcset=\"https:\/\/www.modasanasonline.com\/web\/wp-content\/uploads\/2024\/07\/Foto-FLorencia-1-768x1392.jpg 768w, https:\/\/www.modasanasonline.com\/web\/wp-content\/uploads\/2024\/07\/Foto-FLorencia-1-166x300.jpg 166w, https:\/\/www.modasanasonline.com\/web\/wp-content\/uploads\/2024\/07\/Foto-FLorencia-1-565x1024.jpg 565w, https:\/\/www.modasanasonline.com\/web\/wp-content\/uploads\/2024\/07\/Foto-FLorencia-1-848x1536.jpg 848w, https:\/\/www.modasanasonline.com\/web\/wp-content\/uploads\/2024\/07\/Foto-FLorencia-1-600x1087.jpg 600w, https:\/\/www.modasanasonline.com\/web\/wp-content\/uploads\/2024\/07\/Foto-FLorencia-1.jpg 1130w\" sizes=\"(max-width: 640px) 100vw, 640px\" \/>\t\t\t\t<\/a>\n\t\t\t\t\t\t\t<a href=\"#\" data-mfp-src=\"https:\/\/www.modasanasonline.com\/web\/wp-content\/uploads\/2024\/07\/image00001-576x1024.jpeg\" class=\"ha-justified-grid__item ha-js-lightbox __fltr-1\" title=\"\">\n\t\t\t\t\t<img loading=\"lazy\" decoding=\"async\" width=\"640\" height=\"1138\" src=\"https:\/\/www.modasanasonline.com\/web\/wp-content\/uploads\/2024\/07\/image00001-768x1365.jpeg\" class=\"elementor-animation-grow\" alt=\"\" srcset=\"https:\/\/www.modasanasonline.com\/web\/wp-content\/uploads\/2024\/07\/image00001-768x1365.jpeg 768w, https:\/\/www.modasanasonline.com\/web\/wp-content\/uploads\/2024\/07\/image00001-169x300.jpeg 169w, https:\/\/www.modasanasonline.com\/web\/wp-content\/uploads\/2024\/07\/image00001-576x1024.jpeg 576w, https:\/\/www.modasanasonline.com\/web\/wp-content\/uploads\/2024\/07\/image00001-864x1536.jpeg 864w, https:\/\/www.modasanasonline.com\/web\/wp-content\/uploads\/2024\/07\/image00001-1152x2048.jpeg 1152w, https:\/\/www.modasanasonline.com\/web\/wp-content\/uploads\/2024\/07\/image00001-600x1067.jpeg 600w, https:\/\/www.modasanasonline.com\/web\/wp-content\/uploads\/2024\/07\/image00001.jpeg 1290w\" sizes=\"(max-width: 640px) 100vw, 640px\" \/>\t\t\t\t<\/a>\n\t\t\t\t\t\t\t<a href=\"#\" data-mfp-src=\"https:\/\/www.modasanasonline.com\/web\/wp-content\/uploads\/2024\/07\/image00002-576x1024.jpeg\" class=\"ha-justified-grid__item ha-js-lightbox __fltr-1\" title=\"\">\n\t\t\t\t\t<img loading=\"lazy\" decoding=\"async\" width=\"640\" height=\"1138\" src=\"https:\/\/www.modasanasonline.com\/web\/wp-content\/uploads\/2024\/07\/image00002-768x1365.jpeg\" class=\"elementor-animation-grow\" alt=\"\" srcset=\"https:\/\/www.modasanasonline.com\/web\/wp-content\/uploads\/2024\/07\/image00002-768x1365.jpeg 768w, https:\/\/www.modasanasonline.com\/web\/wp-content\/uploads\/2024\/07\/image00002-169x300.jpeg 169w, https:\/\/www.modasanasonline.com\/web\/wp-content\/uploads\/2024\/07\/image00002-576x1024.jpeg 576w, https:\/\/www.modasanasonline.com\/web\/wp-content\/uploads\/2024\/07\/image00002-864x1536.jpeg 864w, https:\/\/www.modasanasonline.com\/web\/wp-content\/uploads\/2024\/07\/image00002-1152x2048.jpeg 1152w, https:\/\/www.modasanasonline.com\/web\/wp-content\/uploads\/2024\/07\/image00002-600x1067.jpeg 600w, https:\/\/www.modasanasonline.com\/web\/wp-content\/uploads\/2024\/07\/image00002.jpeg 1290w\" sizes=\"(max-width: 640px) 100vw, 640px\" \/>\t\t\t\t<\/a>\n\t\t\t\t\t\t\t<a href=\"#\" data-mfp-src=\"https:\/\/www.modasanasonline.com\/web\/wp-content\/uploads\/2024\/07\/image00003-1-576x1024.jpeg\" class=\"ha-justified-grid__item ha-js-lightbox __fltr-1\" title=\"\">\n\t\t\t\t\t<img loading=\"lazy\" decoding=\"async\" width=\"640\" height=\"1138\" src=\"https:\/\/www.modasanasonline.com\/web\/wp-content\/uploads\/2024\/07\/image00003-1-768x1365.jpeg\" class=\"elementor-animation-grow\" alt=\"\" srcset=\"https:\/\/www.modasanasonline.com\/web\/wp-content\/uploads\/2024\/07\/image00003-1-768x1365.jpeg 768w, https:\/\/www.modasanasonline.com\/web\/wp-content\/uploads\/2024\/07\/image00003-1-169x300.jpeg 169w, https:\/\/www.modasanasonline.com\/web\/wp-content\/uploads\/2024\/07\/image00003-1-576x1024.jpeg 576w, https:\/\/www.modasanasonline.com\/web\/wp-content\/uploads\/2024\/07\/image00003-1-864x1536.jpeg 864w, https:\/\/www.modasanasonline.com\/web\/wp-content\/uploads\/2024\/07\/image00003-1-1152x2048.jpeg 1152w, https:\/\/www.modasanasonline.com\/web\/wp-content\/uploads\/2024\/07\/image00003-1-600x1067.jpeg 600w, https:\/\/www.modasanasonline.com\/web\/wp-content\/uploads\/2024\/07\/image00003-1.jpeg 1290w\" sizes=\"(max-width: 640px) 100vw, 640px\" \/>\t\t\t\t<\/a>\n\t\t\t\t\t\t\t<a href=\"#\" data-mfp-src=\"https:\/\/www.modasanasonline.com\/web\/wp-content\/uploads\/2024\/07\/image00004-576x1024.jpeg\" class=\"ha-justified-grid__item ha-js-lightbox __fltr-1\" title=\"\">\n\t\t\t\t\t<img loading=\"lazy\" decoding=\"async\" width=\"640\" height=\"1138\" src=\"https:\/\/www.modasanasonline.com\/web\/wp-content\/uploads\/2024\/07\/image00004-768x1365.jpeg\" class=\"elementor-animation-grow\" alt=\"\" srcset=\"https:\/\/www.modasanasonline.com\/web\/wp-content\/uploads\/2024\/07\/image00004-768x1365.jpeg 768w, https:\/\/www.modasanasonline.com\/web\/wp-content\/uploads\/2024\/07\/image00004-169x300.jpeg 169w, https:\/\/www.modasanasonline.com\/web\/wp-content\/uploads\/2024\/07\/image00004-576x1024.jpeg 576w, https:\/\/www.modasanasonline.com\/web\/wp-content\/uploads\/2024\/07\/image00004-864x1536.jpeg 864w, https:\/\/www.modasanasonline.com\/web\/wp-content\/uploads\/2024\/07\/image00004-1152x2048.jpeg 1152w, https:\/\/www.modasanasonline.com\/web\/wp-content\/uploads\/2024\/07\/image00004-600x1067.jpeg 600w, https:\/\/www.modasanasonline.com\/web\/wp-content\/uploads\/2024\/07\/image00004.jpeg 1290w\" sizes=\"(max-width: 640px) 100vw, 640px\" \/>\t\t\t\t<\/a>\n\t\t\t\t\t\t\t<a href=\"#\" data-mfp-src=\"https:\/\/www.modasanasonline.com\/web\/wp-content\/uploads\/2024\/07\/image00005-628x1024.jpeg\" class=\"ha-justified-grid__item ha-js-lightbox __fltr-1\" title=\"\">\n\t\t\t\t\t<img loading=\"lazy\" decoding=\"async\" width=\"640\" height=\"1044\" src=\"https:\/\/www.modasanasonline.com\/web\/wp-content\/uploads\/2024\/07\/image00005-768x1253.jpeg\" class=\"elementor-animation-grow\" alt=\"moda mujer\" srcset=\"https:\/\/www.modasanasonline.com\/web\/wp-content\/uploads\/2024\/07\/image00005-768x1253.jpeg 768w, https:\/\/www.modasanasonline.com\/web\/wp-content\/uploads\/2024\/07\/image00005-184x300.jpeg 184w, https:\/\/www.modasanasonline.com\/web\/wp-content\/uploads\/2024\/07\/image00005-628x1024.jpeg 628w, https:\/\/www.modasanasonline.com\/web\/wp-content\/uploads\/2024\/07\/image00005-942x1536.jpeg 942w, https:\/\/www.modasanasonline.com\/web\/wp-content\/uploads\/2024\/07\/image00005-1256x2048.jpeg 1256w, https:\/\/www.modasanasonline.com\/web\/wp-content\/uploads\/2024\/07\/image00005-600x979.jpeg 600w, https:\/\/www.modasanasonline.com\/web\/wp-content\/uploads\/2024\/07\/image00005.jpeg 1290w\" sizes=\"(max-width: 640px) 100vw, 640px\" \/>\t\t\t\t<\/a>\n\t\t\t\t\t\t\t<a href=\"#\" data-mfp-src=\"https:\/\/www.modasanasonline.com\/web\/wp-content\/uploads\/2024\/07\/perfil-1-1024x746.jpg\" class=\"ha-justified-grid__item ha-js-lightbox __fltr-1\" title=\"\">\n\t\t\t\t\t<img loading=\"lazy\" decoding=\"async\" width=\"640\" height=\"467\" src=\"https:\/\/www.modasanasonline.com\/web\/wp-content\/uploads\/2024\/07\/perfil-1-768x560.jpg\" class=\"elementor-animation-grow\" alt=\"boutique low cost\" srcset=\"https:\/\/www.modasanasonline.com\/web\/wp-content\/uploads\/2024\/07\/perfil-1-768x560.jpg 768w, https:\/\/www.modasanasonline.com\/web\/wp-content\/uploads\/2024\/07\/perfil-1-300x219.jpg 300w, https:\/\/www.modasanasonline.com\/web\/wp-content\/uploads\/2024\/07\/perfil-1-1024x746.jpg 1024w, https:\/\/www.modasanasonline.com\/web\/wp-content\/uploads\/2024\/07\/perfil-1-600x437.jpg 600w, https:\/\/www.modasanasonline.com\/web\/wp-content\/uploads\/2024\/07\/perfil-1.jpg 1164w\" sizes=\"(max-width: 640px) 100vw, 640px\" \/>\t\t\t\t<\/a>\n\t\t\t\t\t\t\t<a href=\"#\" data-mfp-src=\"https:\/\/www.modasanasonline.com\/web\/wp-content\/uploads\/2024\/07\/WhatsApp-Image-2024-07-09-at-17.59.04-687x1024.jpeg\" class=\"ha-justified-grid__item ha-js-lightbox __fltr-1\" title=\"\">\n\t\t\t\t\t<img loading=\"lazy\" decoding=\"async\" width=\"640\" height=\"954\" src=\"https:\/\/www.modasanasonline.com\/web\/wp-content\/uploads\/2024\/07\/WhatsApp-Image-2024-07-09-at-17.59.04-768x1145.jpeg\" class=\"elementor-animation-grow\" alt=\"\" srcset=\"https:\/\/www.modasanasonline.com\/web\/wp-content\/uploads\/2024\/07\/WhatsApp-Image-2024-07-09-at-17.59.04-768x1145.jpeg 768w, https:\/\/www.modasanasonline.com\/web\/wp-content\/uploads\/2024\/07\/WhatsApp-Image-2024-07-09-at-17.59.04-201x300.jpeg 201w, https:\/\/www.modasanasonline.com\/web\/wp-content\/uploads\/2024\/07\/WhatsApp-Image-2024-07-09-at-17.59.04-687x1024.jpeg 687w, https:\/\/www.modasanasonline.com\/web\/wp-content\/uploads\/2024\/07\/WhatsApp-Image-2024-07-09-at-17.59.04-1030x1536.jpeg 1030w, https:\/\/www.modasanasonline.com\/web\/wp-content\/uploads\/2024\/07\/WhatsApp-Image-2024-07-09-at-17.59.04-600x895.jpeg 600w, https:\/\/www.modasanasonline.com\/web\/wp-content\/uploads\/2024\/07\/WhatsApp-Image-2024-07-09-at-17.59.04.jpeg 1073w\" sizes=\"(max-width: 640px) 100vw, 640px\" \/>\t\t\t\t<\/a>\n\t\t\t\t\t<\/div>\n\n\t\t\t\t\t\t<\/div>\n\t\t\t\t<\/div>\n\t\t\t\t\t<\/div>\n\t\t\t\t<\/div>\n\t\t\t\t<\/div>\n\t\t","protected":false},"excerpt":{"rendered":"<p>Galer\u00eda de fotos Mucho m\u00e1s que moda, una forma de vida<\/p>\n","protected":false},"author":1,"featured_media":0,"parent":0,"menu_order":0,"comment_status":"closed","ping_status":"closed","template":"page-templates\/template-builder.php","meta":{"footnotes":""},"class_list":["post-494","page","type-page","status-publish","hentry"],"yoast_head":"<!-- This site is optimized with the Yoast SEO plugin v27.4 - https:\/\/yoast.com\/product\/yoast-seo-wordpress\/ -->\n<title>Galer\u00eda - Modas Ana&#039;s<\/title>\n<meta name=\"robots\" content=\"index, follow, max-snippet:-1, max-image-preview:large, max-video-preview:-1\" \/>\n<link rel=\"canonical\" href=\"https:\/\/www.modasanasonline.com\/web\/galeria\/\" \/>\n<meta property=\"og:locale\" content=\"es_ES\" \/>\n<meta property=\"og:type\" content=\"article\" \/>\n<meta property=\"og:title\" content=\"Galer\u00eda - Modas Ana&#039;s\" \/>\n<meta property=\"og:description\" content=\"Galer\u00eda de fotos Mucho m\u00e1s que moda, una forma de vida\" \/>\n<meta property=\"og:url\" content=\"https:\/\/www.modasanasonline.com\/web\/galeria\/\" \/>\n<meta property=\"og:site_name\" content=\"Modas Ana&#039;s\" \/>\n<meta property=\"article:modified_time\" content=\"2025-03-24T09:55:30+00:00\" \/>\n<meta property=\"og:image\" content=\"https:\/\/www.modasanasonline.com\/web\/wp-content\/uploads\/2024\/07\/387220660_786552933277344_1230639642363409113_n-768x960.jpg\" \/>\n<meta name=\"twitter:card\" content=\"summary_large_image\" \/>\n<meta name=\"twitter:label1\" content=\"Tiempo de lectura\" \/>\n\t<meta name=\"twitter:data1\" content=\"3 minutos\" \/>\n<script type=\"application\/ld+json\" class=\"yoast-schema-graph\">{\"@context\":\"https:\\\/\\\/schema.org\",\"@graph\":[{\"@type\":\"WebPage\",\"@id\":\"https:\\\/\\\/www.modasanasonline.com\\\/web\\\/galeria\\\/\",\"url\":\"https:\\\/\\\/www.modasanasonline.com\\\/web\\\/galeria\\\/\",\"name\":\"Galer\u00eda - Modas Ana&#039;s\",\"isPartOf\":{\"@id\":\"https:\\\/\\\/www.modasanasonline.com\\\/web\\\/#website\"},\"primaryImageOfPage\":{\"@id\":\"https:\\\/\\\/www.modasanasonline.com\\\/web\\\/galeria\\\/#primaryimage\"},\"image\":{\"@id\":\"https:\\\/\\\/www.modasanasonline.com\\\/web\\\/galeria\\\/#primaryimage\"},\"thumbnailUrl\":\"https:\\\/\\\/www.modasanasonline.com\\\/web\\\/wp-content\\\/uploads\\\/2024\\\/07\\\/387220660_786552933277344_1230639642363409113_n-768x960.jpg\",\"datePublished\":\"2024-07-11T16:08:17+00:00\",\"dateModified\":\"2025-03-24T09:55:30+00:00\",\"breadcrumb\":{\"@id\":\"https:\\\/\\\/www.modasanasonline.com\\\/web\\\/galeria\\\/#breadcrumb\"},\"inLanguage\":\"es\",\"potentialAction\":[{\"@type\":\"ReadAction\",\"target\":[\"https:\\\/\\\/www.modasanasonline.com\\\/web\\\/galeria\\\/\"]}]},{\"@type\":\"ImageObject\",\"inLanguage\":\"es\",\"@id\":\"https:\\\/\\\/www.modasanasonline.com\\\/web\\\/galeria\\\/#primaryimage\",\"url\":\"https:\\\/\\\/www.modasanasonline.com\\\/web\\\/wp-content\\\/uploads\\\/2024\\\/07\\\/387220660_786552933277344_1230639642363409113_n.jpg\",\"contentUrl\":\"https:\\\/\\\/www.modasanasonline.com\\\/web\\\/wp-content\\\/uploads\\\/2024\\\/07\\\/387220660_786552933277344_1230639642363409113_n.jpg\",\"width\":1290,\"height\":1613},{\"@type\":\"BreadcrumbList\",\"@id\":\"https:\\\/\\\/www.modasanasonline.com\\\/web\\\/galeria\\\/#breadcrumb\",\"itemListElement\":[{\"@type\":\"ListItem\",\"position\":1,\"name\":\"Portada\",\"item\":\"https:\\\/\\\/www.modasanasonline.com\\\/web\\\/\"},{\"@type\":\"ListItem\",\"position\":2,\"name\":\"Galer\u00eda\"}]},{\"@type\":\"WebSite\",\"@id\":\"https:\\\/\\\/www.modasanasonline.com\\\/web\\\/#website\",\"url\":\"https:\\\/\\\/www.modasanasonline.com\\\/web\\\/\",\"name\":\"Modas Ana&#039;s\",\"description\":\"Boutique low cost online\",\"publisher\":{\"@id\":\"https:\\\/\\\/www.modasanasonline.com\\\/web\\\/#organization\"},\"potentialAction\":[{\"@type\":\"SearchAction\",\"target\":{\"@type\":\"EntryPoint\",\"urlTemplate\":\"https:\\\/\\\/www.modasanasonline.com\\\/web\\\/?s={search_term_string}\"},\"query-input\":{\"@type\":\"PropertyValueSpecification\",\"valueRequired\":true,\"valueName\":\"search_term_string\"}}],\"inLanguage\":\"es\"},{\"@type\":\"Organization\",\"@id\":\"https:\\\/\\\/www.modasanasonline.com\\\/web\\\/#organization\",\"name\":\"Modas Ana&#039;s\",\"url\":\"https:\\\/\\\/www.modasanasonline.com\\\/web\\\/\",\"logo\":{\"@type\":\"ImageObject\",\"inLanguage\":\"es\",\"@id\":\"https:\\\/\\\/www.modasanasonline.com\\\/web\\\/#\\\/schema\\\/logo\\\/image\\\/\",\"url\":\"https:\\\/\\\/www.modasanasonline.com\\\/web\\\/wp-content\\\/uploads\\\/2024\\\/06\\\/modas-ana-s-logo-1586115664.png\",\"contentUrl\":\"https:\\\/\\\/www.modasanasonline.com\\\/web\\\/wp-content\\\/uploads\\\/2024\\\/06\\\/modas-ana-s-logo-1586115664.png\",\"width\":234,\"height\":185,\"caption\":\"Modas Ana&#039;s\"},\"image\":{\"@id\":\"https:\\\/\\\/www.modasanasonline.com\\\/web\\\/#\\\/schema\\\/logo\\\/image\\\/\"}}]}<\/script>\n<!-- \/ Yoast SEO plugin. -->","yoast_head_json":{"title":"Galer\u00eda - Modas Ana&#039;s","robots":{"index":"index","follow":"follow","max-snippet":"max-snippet:-1","max-image-preview":"max-image-preview:large","max-video-preview":"max-video-preview:-1"},"canonical":"https:\/\/www.modasanasonline.com\/web\/galeria\/","og_locale":"es_ES","og_type":"article","og_title":"Galer\u00eda - Modas Ana&#039;s","og_description":"Galer\u00eda de fotos Mucho m\u00e1s que moda, una forma de vida","og_url":"https:\/\/www.modasanasonline.com\/web\/galeria\/","og_site_name":"Modas Ana&#039;s","article_modified_time":"2025-03-24T09:55:30+00:00","og_image":[{"url":"https:\/\/www.modasanasonline.com\/web\/wp-content\/uploads\/2024\/07\/387220660_786552933277344_1230639642363409113_n-768x960.jpg","type":"","width":"","height":""}],"twitter_card":"summary_large_image","twitter_misc":{"Tiempo de lectura":"3 minutos"},"schema":{"@context":"https:\/\/schema.org","@graph":[{"@type":"WebPage","@id":"https:\/\/www.modasanasonline.com\/web\/galeria\/","url":"https:\/\/www.modasanasonline.com\/web\/galeria\/","name":"Galer\u00eda - Modas Ana&#039;s","isPartOf":{"@id":"https:\/\/www.modasanasonline.com\/web\/#website"},"primaryImageOfPage":{"@id":"https:\/\/www.modasanasonline.com\/web\/galeria\/#primaryimage"},"image":{"@id":"https:\/\/www.modasanasonline.com\/web\/galeria\/#primaryimage"},"thumbnailUrl":"https:\/\/www.modasanasonline.com\/web\/wp-content\/uploads\/2024\/07\/387220660_786552933277344_1230639642363409113_n-768x960.jpg","datePublished":"2024-07-11T16:08:17+00:00","dateModified":"2025-03-24T09:55:30+00:00","breadcrumb":{"@id":"https:\/\/www.modasanasonline.com\/web\/galeria\/#breadcrumb"},"inLanguage":"es","potentialAction":[{"@type":"ReadAction","target":["https:\/\/www.modasanasonline.com\/web\/galeria\/"]}]},{"@type":"ImageObject","inLanguage":"es","@id":"https:\/\/www.modasanasonline.com\/web\/galeria\/#primaryimage","url":"https:\/\/www.modasanasonline.com\/web\/wp-content\/uploads\/2024\/07\/387220660_786552933277344_1230639642363409113_n.jpg","contentUrl":"https:\/\/www.modasanasonline.com\/web\/wp-content\/uploads\/2024\/07\/387220660_786552933277344_1230639642363409113_n.jpg","width":1290,"height":1613},{"@type":"BreadcrumbList","@id":"https:\/\/www.modasanasonline.com\/web\/galeria\/#breadcrumb","itemListElement":[{"@type":"ListItem","position":1,"name":"Portada","item":"https:\/\/www.modasanasonline.com\/web\/"},{"@type":"ListItem","position":2,"name":"Galer\u00eda"}]},{"@type":"WebSite","@id":"https:\/\/www.modasanasonline.com\/web\/#website","url":"https:\/\/www.modasanasonline.com\/web\/","name":"Modas Ana&#039;s","description":"Boutique low cost online","publisher":{"@id":"https:\/\/www.modasanasonline.com\/web\/#organization"},"potentialAction":[{"@type":"SearchAction","target":{"@type":"EntryPoint","urlTemplate":"https:\/\/www.modasanasonline.com\/web\/?s={search_term_string}"},"query-input":{"@type":"PropertyValueSpecification","valueRequired":true,"valueName":"search_term_string"}}],"inLanguage":"es"},{"@type":"Organization","@id":"https:\/\/www.modasanasonline.com\/web\/#organization","name":"Modas Ana&#039;s","url":"https:\/\/www.modasanasonline.com\/web\/","logo":{"@type":"ImageObject","inLanguage":"es","@id":"https:\/\/www.modasanasonline.com\/web\/#\/schema\/logo\/image\/","url":"https:\/\/www.modasanasonline.com\/web\/wp-content\/uploads\/2024\/06\/modas-ana-s-logo-1586115664.png","contentUrl":"https:\/\/www.modasanasonline.com\/web\/wp-content\/uploads\/2024\/06\/modas-ana-s-logo-1586115664.png","width":234,"height":185,"caption":"Modas Ana&#039;s"},"image":{"@id":"https:\/\/www.modasanasonline.com\/web\/#\/schema\/logo\/image\/"}}]}},"_links":{"self":[{"href":"https:\/\/www.modasanasonline.com\/web\/wp-json\/wp\/v2\/pages\/494","targetHints":{"allow":["GET"]}}],"collection":[{"href":"https:\/\/www.modasanasonline.com\/web\/wp-json\/wp\/v2\/pages"}],"about":[{"href":"https:\/\/www.modasanasonline.com\/web\/wp-json\/wp\/v2\/types\/page"}],"author":[{"embeddable":true,"href":"https:\/\/www.modasanasonline.com\/web\/wp-json\/wp\/v2\/users\/1"}],"replies":[{"embeddable":true,"href":"https:\/\/www.modasanasonline.com\/web\/wp-json\/wp\/v2\/comments?post=494"}],"version-history":[{"count":4,"href":"https:\/\/www.modasanasonline.com\/web\/wp-json\/wp\/v2\/pages\/494\/revisions"}],"predecessor-version":[{"id":584,"href":"https:\/\/www.modasanasonline.com\/web\/wp-json\/wp\/v2\/pages\/494\/revisions\/584"}],"wp:attachment":[{"href":"https:\/\/www.modasanasonline.com\/web\/wp-json\/wp\/v2\/media?parent=494"}],"curies":[{"name":"wp","href":"https:\/\/api.w.org\/{rel}","templated":true}]}}